{"id":336,"date":"2020-12-15T15:37:59","date_gmt":"2020-12-15T13:37:59","guid":{"rendered":"http:\/\/www.enero.ro\/?page_id=336"},"modified":"2021-09-17T12:20:50","modified_gmt":"2021-09-17T10:20:50","slug":"bioplat-eu","status":"publish","type":"page","link":"http:\/\/www.enero.ro\/?page_id=336","title":{"rendered":"BioPlat-EU"},"content":{"rendered":"<p><b><i>Proiectul BIOPLAT-EU, oportunit\u0103\u021bi de valorificare a terenurilor marginale, subutilizate \u0219i contaminate prin proiecte de bioenergie<span class=\"Apple-converted-space\">\u00a0<\/span><\/i><\/b><\/p>\n<p><b><i><span class=\"Apple-converted-space\">\u00a0<\/span><\/i><\/b><b>Directiva european\u0103 privind promovarea utiliz\u0103rii energiei din surse regenerabile<i> <\/i><\/b>(REDII) identific\u0103 \u0219ase domenii principale de ac\u021biune iar dintre ele se refer\u0103 la promovarea durabilit\u0103\u021bii produc\u021biei \u0219i utiliz\u0103rii bioenergiei \u00een UE. <b>Terenurile marginale, subutilizate \u0219i contaminate<\/b> (MSC) nu pot fi folosite pentru produc\u021bia de alimente\/furaje sau \u00een scopuri recreative \u0219i de conservare, dar \u00een unele cazuri, ele p\u0103streaz\u0103 totu\u0219i calitatea de a <b>produce biomas\u0103 nealimentar\u0103 <i>pentru <\/i>bioenergie<\/b>. Rezultatele proiectelor anterioare finan\u021bate de UE au demonstrat viabilitatea utiliz\u0103rii acestor terenuri pentru produc\u021bia durabil\u0103 de biomas\u0103.<\/p>\n<p>In prezent, in cadrul programului de cercetare European Horizon 2020, se deruleaza proiectul <b>\u201cPromovarea utiliz\u0103rii sustenabile a terenurilor neutilizate pentru producerea de bioenergie, prin intermediului unei platforme web pentru Europa\u201d &#8211;<span class=\"Apple-converted-space\">\u00a0 <\/span>BIOPLAT-EU<\/b> coordonat de WIP Energii Regenerabile din Munchen, Germania \u0219i av\u00e2nd ca partener rom\u00e2n <b>Centrul pentru Promovarea Energiei Curate \u0219i Eficiente \u00een Rom\u00e2nia ENERO<\/b>, proiect care se urm\u0103re\u0219te promovarea utiliz\u0103rii terenurilor\u00a0marginale, subutilizate \u0219i contaminate pentru cultivarea de biomas\u0103 pentru energie (<a href=\"http:\/\/www.bipolat.eu\">www.bioplat.eu<\/a>)<\/p>\n<p>BIOPLAT-UE produce un instrument informatic ce utilizeaza teledetec\u021bie satelitar\u0103\u00a0\u0219i o baz\u0103 de date cu h\u0103r\u021bi GIS ale terenurilor care sunt disponibile pentru proiecte de producere a biomasei pentru energie.<\/p>\n<p>Instrumentul informatic evalueaz\u0103 sustenabilitatea proiectului pentru diferite lan\u021buri valorice de producere a bioenergiei pe terenuri MSC, utiliz\u00e2nd 8 indicatori de mediu, 4 indicatori sociali \u0219i 5 indicatori tehnico-economici.<\/p>\n<p>Sunt elaborate at\u00e2t o harta pan-europeana a terenurilor MSC, cat si harti mai detaliate, la nivelul unor jude\u021be-studii de caz (pentru Romania: <b>zona minier\u0103 Oltenia, <\/b>unde apar terenuri disponibile prin reducerea activit\u0103\u021bilor miniere<b> \u0219i jude\u021bul Bac\u0103u<\/b>)<\/p>\n<p>Prin accesarea h\u0103r\u021bilor GIS, instrumentul informatic va permite oric\u0103rei persoane interesate s\u0103 caute terenuri MSC \u00een Europa la nivelul unei regiuni selectate si va oferi utilizatorului date despre aceste terenuri, cum ar fi specifica\u021biile agronomice \u0219i climatice \u0219i, \u00een consecin\u021b\u0103, ce tip de biomas\u0103 poate fi plantat\u0103 pe aceste terenuri. Instrumentul va permite apoi evaluarea aspectelor de durabilitate de mediu, sociale \u0219i tehnico-economice ale unui anumit lan\u021b valoric.<\/p>\n<p>\u00cen cele din urm\u0103, proiectul BIOPLAT-UE va oferi suport tehnic p\u0103r\u021bilor interesate cu privire la aspecte legate de produc\u021bia \u0219i prelucrarea biomasei, accesul pe pia\u021b\u0103, accesul la finan\u021bare etc, prin intermediul a dou\u0103 analize de fezabilitate pilot.<\/p>\n<p>Pentru mai multe informatii despre proiect accesati\u00a0<a title=\"https:\/\/bioplat.eu\" href=\"https:\/\/bioplat.eu%20\">https:\/\/bioplat.eu<\/a>\u00a0si\u00a0<a title=\"https:\/\/www.youtube.com\/watch?v=hGNxq7Zs0BE&amp;feature=youtu.be\" href=\"https:\/\/www.youtube.com\/watch?v=hGNxq7Zs0BE&amp;feature=youtu.be\">https:\/\/www.youtube.com\/watch?v=hGNxq7Zs0BE&amp;feature=youtu.be<\/a><\/p>\n<p><a href=\"http:\/\/www.enero.ro\/wp-content\/uploads\/2021\/01\/bioplat_eu_rollup_romanian_2.pdf\">BioPlat-EU poster<\/a><\/p>\n<p><a href=\"http:\/\/www.enero.ro\/wp-content\/uploads\/2020\/12\/bioplat-logo.jpg\"><img loading=\"lazy\" decoding=\"async\" class=\"alignnone size-medium wp-image-337\" src=\"http:\/\/www.enero.ro\/wp-content\/uploads\/2020\/12\/bioplat-logo-300x173.jpg\" alt=\"BioPlat-EU\" width=\"300\" height=\"173\" srcset=\"http:\/\/www.enero.ro\/wp-content\/uploads\/2020\/12\/bioplat-logo-300x173.jpg 300w, http:\/\/www.enero.ro\/wp-content\/uploads\/2020\/12\/bioplat-logo.jpg 852w\" sizes=\"(max-width: 300px) 100vw, 300px\" \/><\/a><\/p>\n\n\n<figure class=\"wp-block-video\"><video controls src=\"http:\/\/www.enero.ro\/wp-content\/uploads\/2021\/09\/Romanian-Bioplat-EU-video-1.mp4\"><\/video><\/figure>\n\n\n\n<p><\/p>\n","protected":false},"excerpt":{"rendered":"<p>Proiectul BIOPLAT-EU, oportunit\u0103\u021bi de valorificare a terenurilor marginale, subutilizate \u0219i contaminate prin proiecte de bioenergie\u00a0 \u00a0Directiva european\u0103 privind promovarea utiliz\u0103rii energiei din surse regenerabile (REDII) identific\u0103 \u0219ase domenii principale de ac\u021biune iar dintre ele se refer\u0103 la promovarea durabilit\u0103\u021bii produc\u021biei \u0219i utiliz\u0103rii bioenergiei \u00een UE. Terenurile marginale, subutilizate \u0219i contaminate (MSC) nu pot fi folosite [&hellip;]<\/p>\n","protected":false},"author":1,"featured_media":0,"parent":46,"menu_order":1,"comment_status":"closed","ping_status":"closed","template":"","meta":{"footnotes":""},"_links":{"self":[{"href":"http:\/\/www.enero.ro\/index.php?rest_route=\/wp\/v2\/pages\/336"}],"collection":[{"href":"http:\/\/www.enero.ro\/index.php?rest_route=\/wp\/v2\/pages"}],"about":[{"href":"http:\/\/www.enero.ro\/index.php?rest_route=\/wp\/v2\/types\/page"}],"author":[{"embeddable":true,"href":"http:\/\/www.enero.ro\/index.php?rest_route=\/wp\/v2\/users\/1"}],"replies":[{"embeddable":true,"href":"http:\/\/www.enero.ro\/index.php?rest_route=%2Fwp%2Fv2%2Fcomments&post=336"}],"version-history":[{"count":8,"href":"http:\/\/www.enero.ro\/index.php?rest_route=\/wp\/v2\/pages\/336\/revisions"}],"predecessor-version":[{"id":498,"href":"http:\/\/www.enero.ro\/index.php?rest_route=\/wp\/v2\/pages\/336\/revisions\/498"}],"up":[{"embeddable":true,"href":"http:\/\/www.enero.ro\/index.php?rest_route=\/wp\/v2\/pages\/46"}],"wp:attachment":[{"href":"http:\/\/www.enero.ro\/index.php?rest_route=%2Fwp%2Fv2%2Fmedia&parent=336"}],"curies":[{"name":"wp","href":"https:\/\/api.w.org\/{rel}","templated":true}]}}